{"id":14,"date":"2022-01-20T14:42:31","date_gmt":"2022-01-20T14:42:31","guid":{"rendered":"https:\/\/ginasio.nologic.pt\/?page_id=14"},"modified":"2022-01-24T12:02:18","modified_gmt":"2022-01-24T12:02:18","slug":"inicio","status":"publish","type":"page","link":"https:\/\/ginasio.nologic.pt\/","title":{"rendered":"INICIO"},"content":{"rendered":"<div class=\"wp-block-group has-nv-site-bg-color has-nv-dark-bg-background-color has-text-color has-background eplus-wrapper eplus-styles-uid-96343a\"><div class=\"wp-block-group__inner-container is-layout-flow wp-block-group-is-layout-flow\">\n<div style=\"height:15px\" aria-hidden=\"true\" class=\"wp-block-spacer eplus-wrapper\"><\/div>\n\n\n<h2 class=\"has-text-align-center eplus-wrapper wp-block-heading eplus-styles-uid-a6b392\">CANTARINHAS VIRTUAIS!<\/h2>\n\n<div class=\"wp-block-columns eplus-wrapper is-layout-flex wp-container-core-columns-is-layout-9d6595d7 wp-block-columns-is-layout-flex eplus-styles-uid-c7f54d\">\n<div class=\"wp-block-column eplus-wrapper is-layout-flow wp-block-column-is-layout-flow\">\n<figure class=\"wp-block-image size-full eplus-wrapper\"><img loading=\"lazy\" decoding=\"async\" width=\"718\" height=\"1010\" src=\"https:\/\/ginasio.nologic.pt\/wp-content\/uploads\/2022\/01\/Poster.webp\" alt=\"\" class=\"wp-image-15\" srcset=\"https:\/\/ginasio.nologic.pt\/wp-content\/uploads\/2022\/01\/Poster.webp 718w, https:\/\/ginasio.nologic.pt\/wp-content\/uploads\/2022\/01\/Poster-213x300.webp 213w\" sizes=\"auto, (max-width: 718px) 100vw, 718px\" \/><\/figure>\n<\/div>\n\n\n\n<div class=\"wp-block-column eplus-wrapper is-layout-flow wp-block-column-is-layout-flow\"><div class=\"wp-block-group eplus-wrapper eplus-styles-uid-03605b\"><div class=\"wp-block-group__inner-container is-layout-flow wp-block-group-is-layout-flow\">\n<div style=\"height:100px\" aria-hidden=\"true\" class=\"wp-block-spacer eplus-wrapper\"><\/div>\n\n\n<div class=\"wp-block-buttons eplus-wrapper is-layout-flex wp-block-buttons-is-layout-flex eplus-styles-uid-ca1e9d\"><div class=\"wp-block-button eplus-wrapper eplus-styles-uid-4a6705\"><a class=\"wp-block-button__link\">INSCREVE-TE AQUI<\/a><\/div><\/div>\n\n\n<div style=\"height:100px\" aria-hidden=\"true\" class=\"wp-block-spacer eplus-wrapper\"><\/div>\n\n\n<h2 class=\"eplus-wrapper wp-block-heading eplus-styles-uid-f49d60\">CONSULTA AQUI<\/h2>\n\n\n<div class=\"ticss-57dc1aa5 wp-block-buttons eplus-wrapper is-layout-flex wp-block-buttons-is-layout-flex\"><div class=\"ticss-dfa36025 wp-block-button eplus-wrapper eplus-styles-uid-0c8a17\"><a class=\"wp-block-button__link has-nv-dark-bg-color has-text-color has-background\" style=\"background-color:#ffdd16\">i<\/a><\/div><\/div>\n\n\n\n<p style=\"color:#ffdd16;text-align:center; font-size:34px;font-weight: bold;line-height: 1.1;padding-top:30px;\">TODA A <br> INFORMA\u00c7\u00c3O<\/p>\n<\/div><\/div><\/div>\n<\/div><\/div><\/div>\n\n<div class=\"wp-block-group has-nv-site-bg-color has-nv-dark-bg-background-color has-text-color has-background eplus-wrapper eplus-styles-uid-254457\"><div class=\"wp-block-group__inner-container is-layout-flow wp-block-group-is-layout-flow\"><h2 class=\"has-text-align-center eplus-wrapper wp-block-heading eplus-styles-uid-b11cd5\"><br><strong>COMUNICADO<\/strong><\/h2>\n\n\n<p sytle=\"font-size:32px;text-align: justify;\">Dada a continua\u00e7\u00e3o da situa\u00e7\u00e3o pand\u00e9mica e sua evolu\u00e7\u00e3o, embora os sinais de abrandamento da mesma sejam j\u00e1 vis\u00edveis, ainda vivemos momentos incertos, pelo que urge adotar comportamentos e decis\u00f5es respons\u00e1veis, sob pena de hipotecarmos todo o trabalho desenvolvido at\u00e9 esta data e a nossa responsabilidade com as quest\u00f5es sanit\u00e1rias e a incerteza da realiza\u00e7\u00e3o do evento numa nova data at\u00e9 ao final do presente ano, ou seja, o risco de novos adiamentos e consequente transtorno para todos os envolvidos, levaram-nos a tomar a decis\u00e3o de, novo,<span style=\"color:#FFDD16;\">\u00a0ADIAMENTO DO EVENTO \u201cI MEIA MARATONA DAS CANTARINHAS\u201d, PARA MAIO DE 2022.<\/span><\/p>\n\n\n<p class=\" eplus-wrapper eplus-styles-uid-24b8d8\">Esta \u00e9 uma comunica\u00e7\u00e3o que n\u00e3o desejar\u00edamos fazer, promotor (Munic\u00edpio de Bragan\u00e7a) e organizador (Gin\u00e1sio Clube de Bragan\u00e7a), mas o nosso sentido de responsabilidade tem que prevalecer sobre emo\u00e7\u00f5es e impulsos menos racionais. As circunst\u00e2ncias do adiamento nos s\u00e3o resultado da nossa vontade, no entanto iremos proceder \u00e0 devolu\u00e7\u00e3o do valor pago, j\u00e1 em 2020, a todos os inscritos, com a situa\u00e7\u00e3o regularizada. Pedimos desculpa pela situa\u00e7\u00e3o, que n\u00e3o podemos controlar, e gostar\u00edamos imenso de contar com todos v\u00f3s para fazermos a festa da corrida em 2022, em Bragan\u00e7a <\/p>\n\n\n<div class=\"wp-block-group eplus-wrapper\"><div class=\"wp-block-group__inner-container is-layout-flow wp-block-group-is-layout-flow\">\n<a style=\"color:#ffdd16\"><p style=\"color:#ffdd16;text-align:center; font-size:25px;font-weight: bold;line-height: 1.1;padding-top:30px;\">CONSULTA AQUI O <br> COMUNICADO OFICIAL<\/p><\/a>\n<\/div><\/div>\n\n\n\n<div style=\"height:50px\" aria-hidden=\"true\" class=\"wp-block-spacer eplus-wrapper\"><\/div>\n<\/div><\/div>","protected":false},"excerpt":{"rendered":"<p>CANTARINHAS VIRTUAIS! CONSULTA AQUI TODA A INFORMA\u00c7\u00c3O COMUNICADO Dada a continua\u00e7\u00e3o da situa\u00e7\u00e3o pand\u00e9mica e sua evolu\u00e7\u00e3o, embora os sinais de abrandamento da mesma sejam j\u00e1 vis\u00edveis, ainda vivemos momentos incertos, pelo que urge adotar comportamentos e decis\u00f5es respons\u00e1veis, sob pena de hipotecarmos todo o trabalho desenvolvido at\u00e9 esta data e a nossa responsabilidade com&hellip;&nbsp;<a href=\"https:\/\/ginasio.nologic.pt\/\" class=\"\" rel=\"bookmark\">Ler mais &raquo;<span class=\"screen-reader-text\">INICIO<\/span><\/a><\/p>\n","protected":false},"author":1,"featured_media":0,"parent":0,"menu_order":0,"comment_status":"closed","ping_status":"closed","template":"","meta":{"editor_plus_post_options":"{\"enforceStyling\":false}","editor_plus_copied_stylings":"{\"epCustomTypography\":{\"lineHeight\":{\"value\":\"\",\"important\":false,\"unit\":\"px\"},\"fontSize\":{\"value\":43,\"important\":false,\"unit\":\"px\"},\"letterSpacing\":{\"value\":\"\",\"important\":false,\"unit\":\"px\"},\"fontWeight\":null,\"textStyle\":[],\"textColor\":{\"color\":\"#fedc16\",\"imp\":false},\"underline\":{\"color\":\"\",\"style\":\"\"},\"lineThrough\":{\"color\":\"\",\"style\":\"\"},\"textAlignment\":\"left\"}}","neve_meta_sidebar":"","neve_meta_container":"full-width","neve_meta_enable_content_width":"","neve_meta_content_width":0,"neve_meta_title_alignment":"","neve_meta_author_avatar":"","neve_post_elements_order":"","neve_meta_disable_header":"","neve_meta_disable_footer":"","neve_meta_disable_title":"on","_themeisle_gutenberg_block_has_review":false,"footnotes":""},"class_list":["post-14","page","type-page","status-publish","hentry"],"_links":{"self":[{"href":"https:\/\/ginasio.nologic.pt\/index.php?rest_route=\/wp\/v2\/pages\/14","targetHints":{"allow":["GET"]}}],"collection":[{"href":"https:\/\/ginasio.nologic.pt\/index.php?rest_route=\/wp\/v2\/pages"}],"about":[{"href":"https:\/\/ginasio.nologic.pt\/index.php?rest_route=\/wp\/v2\/types\/page"}],"author":[{"embeddable":true,"href":"https:\/\/ginasio.nologic.pt\/index.php?rest_route=\/wp\/v2\/users\/1"}],"replies":[{"embeddable":true,"href":"https:\/\/ginasio.nologic.pt\/index.php?rest_route=%2Fwp%2Fv2%2Fcomments&post=14"}],"version-history":[{"count":112,"href":"https:\/\/ginasio.nologic.pt\/index.php?rest_route=\/wp\/v2\/pages\/14\/revisions"}],"predecessor-version":[{"id":749,"href":"https:\/\/ginasio.nologic.pt\/index.php?rest_route=\/wp\/v2\/pages\/14\/revisions\/749"}],"wp:attachment":[{"href":"https:\/\/ginasio.nologic.pt\/index.php?rest_route=%2Fwp%2Fv2%2Fmedia&parent=14"}],"curies":[{"name":"wp","href":"https:\/\/api.w.org\/{rel}","templated":true}]}}